{"id":12,"date":"2026-04-22T12:35:06","date_gmt":"2026-04-22T12:35:06","guid":{"rendered":"http:\/\/sincere-olive-hawk.46-29-139-185.cpanel.site\/?page_id=12"},"modified":"2026-04-27T06:39:47","modified_gmt":"2026-04-27T06:39:47","slug":"impresszum","status":"publish","type":"page","link":"https:\/\/niin.hu\/en\/impresszum\/","title":{"rendered":"Imprint"},"content":{"rendered":"<style>.kb-row-layout-id12_601b47-06 > .kt-row-column-wrap{align-content:start;}:where(.kb-row-layout-id12_601b47-06 > .kt-row-column-wrap) > .wp-block-kadence-column{justify-content:start;}.kb-row-layout-id12_601b47-06 > .kt-row-column-wrap{column-gap:var(--global-kb-gap-md, 2rem);row-gap:var(--global-kb-gap-none, 0rem );max-width:720px;margin-left:auto;margin-right:auto;padding-top:120px;padding-right:30px;padding-bottom:120px;padding-left:30px;grid-template-columns:minmax(0, 1fr);}.kb-row-layout-id12_601b47-06 > .kt-row-layout-overlay{opacity:0.30;}@media all and (max-width: 1024px){.kb-row-layout-id12_601b47-06 > .kt-row-column-wrap{grid-template-columns:minmax(0, 1fr);}}@media all and (max-width: 767px){.kb-row-layout-id12_601b47-06 > .kt-row-column-wrap{grid-template-columns:minmax(0, 1fr);}}<\/style><div class=\"kb-row-layout-wrap kb-row-layout-id12_601b47-06 alignnone has-theme-palette7-background-color kt-row-has-bg wp-block-kadence-rowlayout\"><div class=\"kt-row-column-wrap kt-has-1-columns kt-row-layout-equal kt-tab-layout-inherit kt-mobile-layout-row kt-row-valign-top kt-inner-column-height-full\">\n<style>.kadence-column12_421d17-45 > .kt-inside-inner-col,.kadence-column12_421d17-45 > .kt-inside-inner-col:before{border-top-left-radius:0px;border-top-right-radius:0px;border-bottom-right-radius:0px;border-bottom-left-radius:0px;}.kadence-column12_421d17-45 > .kt-inside-inner-col{column-gap:var(--global-kb-gap-sm, 1rem);}.kadence-column12_421d17-45 > .kt-inside-inner-col{flex-direction:column;}.kadence-column12_421d17-45 > .kt-inside-inner-col > .aligncenter{width:100%;}.kadence-column12_421d17-45 > .kt-inside-inner-col:before{opacity:0.3;}.kadence-column12_421d17-45{position:relative;}@media all and (max-width: 1024px){.kadence-column12_421d17-45 > .kt-inside-inner-col{flex-direction:column;justify-content:center;}}@media all and (max-width: 767px){.kadence-column12_421d17-45 > .kt-inside-inner-col{flex-direction:column;justify-content:center;}}<\/style>\n<div class=\"wp-block-kadence-column kadence-column12_421d17-45\"><div class=\"kt-inside-inner-col\"><style>.wp-block-kadence-advancedheading.kt-adv-heading12_92a400-8c, .wp-block-kadence-advancedheading.kt-adv-heading12_92a400-8c[data-kb-block=\"kb-adv-heading12_92a400-8c\"]{margin-top:0px;margin-bottom:40px;font-style:normal;}.wp-block-kadence-advancedheading.kt-adv-heading12_92a400-8c mark.kt-highlight, .wp-block-kadence-advancedheading.kt-adv-heading12_92a400-8c[data-kb-block=\"kb-adv-heading12_92a400-8c\"] mark.kt-highlight{font-style:normal;color:#f76a0c;-webkit-box-decoration-break:clone;box-decoration-break:clone;padding-top:0px;padding-right:0px;padding-bottom:0px;padding-left:0px;}.wp-block-kadence-advancedheading.kt-adv-heading12_92a400-8c img.kb-inline-image, .wp-block-kadence-advancedheading.kt-adv-heading12_92a400-8c[data-kb-block=\"kb-adv-heading12_92a400-8c\"] img.kb-inline-image{width:150px;vertical-align:baseline;}<\/style>\n<h2 class=\"kt-adv-heading12_92a400-8c wp-block-kadence-advancedheading\" data-kb-block=\"kb-adv-heading12_92a400-8c\">Impresszum<\/h2>\n\n\n<style>.wp-block-kadence-advancedheading.kt-adv-heading12_b88dc3-09, .wp-block-kadence-advancedheading.kt-adv-heading12_b88dc3-09[data-kb-block=\"kb-adv-heading12_b88dc3-09\"]{margin-top:0px;margin-bottom:0px;line-height:2;font-style:normal;}.wp-block-kadence-advancedheading.kt-adv-heading12_b88dc3-09 mark.kt-highlight, .wp-block-kadence-advancedheading.kt-adv-heading12_b88dc3-09[data-kb-block=\"kb-adv-heading12_b88dc3-09\"] mark.kt-highlight{font-style:normal;color:#f76a0c;-webkit-box-decoration-break:clone;box-decoration-break:clone;padding-top:0px;padding-right:0px;padding-bottom:0px;padding-left:0px;}.wp-block-kadence-advancedheading.kt-adv-heading12_b88dc3-09 img.kb-inline-image, .wp-block-kadence-advancedheading.kt-adv-heading12_b88dc3-09[data-kb-block=\"kb-adv-heading12_b88dc3-09\"] img.kb-inline-image{width:150px;vertical-align:baseline;}<\/style>\n<p class=\"kt-adv-heading12_b88dc3-09 wp-block-kadence-advancedheading\" data-kb-block=\"kb-adv-heading12_b88dc3-09\">N\u00e9v: Niin Design \u2013 Papp Adrienn Nik\u00e9 e.v.<br>Sz\u00e9khely: 2040 Buda\u00f6rs, Szabads\u00e1g \u00fat 137.<br>Ad\u00f3sz\u00e1m: 59717083-1-33<br>Telefonsz\u00e1m: +36202117593<br>Email: nike.niin.design@gmail.com<br>A weboldal Szolg\u00e1ltat\u00f3ja a Budapesti Kereskedelmi \u00e9s Iparkamara tagja.<br>T\u00e1rhelyszolg\u00e1ltat\u00f3 adatok:<br>N\u00e9v: Rackforest Zrt.<br>C\u00edm: 1132 Budapest, Victor Hugo utca 11. 5. em. B05001.<br>Telefonsz\u00e1m: +36 1 211 0044<br>Email: info@rackforest.hu<\/p>\n\n\n<style>.wp-block-kadence-advancedheading.kt-adv-heading12_30c8e6-27, .wp-block-kadence-advancedheading.kt-adv-heading12_30c8e6-27[data-kb-block=\"kb-adv-heading12_30c8e6-27\"]{margin-top:30px;margin-bottom:0px;font-style:normal;}.wp-block-kadence-advancedheading.kt-adv-heading12_30c8e6-27 mark.kt-highlight, .wp-block-kadence-advancedheading.kt-adv-heading12_30c8e6-27[data-kb-block=\"kb-adv-heading12_30c8e6-27\"] mark.kt-highlight{font-style:normal;color:#f76a0c;-webkit-box-decoration-break:clone;box-decoration-break:clone;padding-top:0px;padding-right:0px;padding-bottom:0px;padding-left:0px;}.wp-block-kadence-advancedheading.kt-adv-heading12_30c8e6-27 img.kb-inline-image, .wp-block-kadence-advancedheading.kt-adv-heading12_30c8e6-27[data-kb-block=\"kb-adv-heading12_30c8e6-27\"] img.kb-inline-image{width:150px;vertical-align:baseline;}<\/style>\n<p class=\"kt-adv-heading12_30c8e6-27 wp-block-kadence-advancedheading\" data-kb-block=\"kb-adv-heading12_30c8e6-27\"><a href=\"https:\/\/drive.google.com\/file\/d\/14M4_Aqf2V-j06SKOO1a3Z78yOY6nkYlJ\/view\" target=\"_blank\" rel=\"noreferrer noopener\">Impresszum let\u00f6lt\u00e9se .pdf form\u00e1tumban<\/a><\/p>\n<\/div><\/div>\n\n<\/div><\/div>","protected":false},"excerpt":{"rendered":"<p>Impresszum N\u00e9v: Niin Design \u2013 Papp Adrienn Nik\u00e9 e.v.Sz\u00e9khely: 2040 Buda\u00f6rs, Szabads\u00e1g \u00fat 137.Ad\u00f3sz\u00e1m: 59717083-1-33Telefonsz\u00e1m: +36202117593Email: nike.niin.design@gmail.comA weboldal Szolg\u00e1ltat\u00f3ja a Budapesti Kereskedelmi \u00e9s Iparkamara tagja.T\u00e1rhelyszolg\u00e1ltat\u00f3 adatok:N\u00e9v: Rackforest Zrt.C\u00edm: 1132 Budapest, Victor Hugo utca 11. 5. em. B05001.Telefonsz\u00e1m: +36 1 211 0044Email: info@rackforest.hu Impresszum let\u00f6lt\u00e9se .pdf form\u00e1tumban<\/p>","protected":false},"author":1,"featured_media":0,"parent":0,"menu_order":0,"comment_status":"closed","ping_status":"closed","template":"","meta":{"_seopress_robots_primary_cat":"","_seopress_titles_title":"","_seopress_titles_desc":"","_seopress_robots_index":"","_kad_blocks_custom_css":"","_kad_blocks_head_custom_js":"","_kad_blocks_body_custom_js":"","_kad_blocks_footer_custom_js":"","_kad_post_transparent":"","_kad_post_title":"","_kad_post_layout":"fullwidth","_kad_post_sidebar_id":"","_kad_post_content_style":"","_kad_post_vertical_padding":"","_kad_post_feature":"","_kad_post_feature_position":"","_kad_post_header":false,"_kad_post_footer":false,"_kad_post_classname":"","footnotes":""},"class_list":["post-12","page","type-page","status-publish","hentry"],"taxonomy_info":[],"featured_image_src_large":false,"author_info":{"display_name":"NiiN","author_link":"https:\/\/niin.hu\/en\/author\/n11n4dm1n\/"},"comment_info":0,"_links":{"self":[{"href":"https:\/\/niin.hu\/en\/wp-json\/wp\/v2\/pages\/12","targetHints":{"allow":["GET"]}}],"collection":[{"href":"https:\/\/niin.hu\/en\/wp-json\/wp\/v2\/pages"}],"about":[{"href":"https:\/\/niin.hu\/en\/wp-json\/wp\/v2\/types\/page"}],"author":[{"embeddable":true,"href":"https:\/\/niin.hu\/en\/wp-json\/wp\/v2\/users\/1"}],"replies":[{"embeddable":true,"href":"https:\/\/niin.hu\/en\/wp-json\/wp\/v2\/comments?post=12"}],"version-history":[{"count":1,"href":"https:\/\/niin.hu\/en\/wp-json\/wp\/v2\/pages\/12\/revisions"}],"predecessor-version":[{"id":876,"href":"https:\/\/niin.hu\/en\/wp-json\/wp\/v2\/pages\/12\/revisions\/876"}],"wp:attachment":[{"href":"https:\/\/niin.hu\/en\/wp-json\/wp\/v2\/media?parent=12"}],"curies":[{"name":"wp","href":"https:\/\/api.w.org\/{rel}","templated":true}]}}